{"id":923,"date":"2023-06-07T21:58:33","date_gmt":"2023-06-07T21:58:33","guid":{"rendered":"https:\/\/mypartnersap.com\/mp\/?page_id=923"},"modified":"2023-07-14T12:16:07","modified_gmt":"2023-07-14T12:16:07","slug":"getinvoice","status":"publish","type":"page","link":"https:\/\/mypartner.com.co\/mp\/es\/getinvoice\/","title":{"rendered":"getinvoice"},"content":{"rendered":"<p>[vc_row][vc_column width=\u00bb1\/3&#8243;][\/vc_column][vc_column width=\u00bb1\/3&#8243;][vc_single_image image=\u00bb971&#8243; img_size=\u00bbfull\u00bb alignment=\u00bbcenter\u00bb][\/vc_column][\/vc_row][vc_row][vc_column][vc_column_text]<\/p>\n<p>El m\u00f3dulo de GETINVOICE permite la recepci\u00f3n, radicaci\u00f3n autom\u00e1tica y gesti\u00f3n de la factura electr\u00f3nica, se realizan las validaciones previas de la DIAN, se capturan datos del XML para su registr\u00f3 y distribuci\u00f3n a los responsables de forma autom\u00e1tica. Se puede tramitar el documento en un radicado cumpliendo todo el ciclo log\u00edstico de compras, generando as\u00ed los eventos de la factura electr\u00f3nica o creaci\u00f3n del documento soporte sin tener que acceder a diferentes plataformas externas, puesto que la gesti\u00f3n, informaci\u00f3n y trazabilidad se pueden visualizar de manera centralizada.<\/p>\n<p>Las funciones que realiza el m\u00f3dulo son:<\/p>\n<ul>\n<li>Recepci\u00f3n, radicaci\u00f3n autom\u00e1tica y gesti\u00f3n de factura electr\u00f3nica<\/li>\n<li>Integraci\u00f3n con el operador tecnol\u00f3gico para generaci\u00f3n de eventos y documento soportes<\/li>\n<li>Extracci\u00f3n de datos del XML<\/li>\n<li>Validaciones previas de la DIAN del XML<\/li>\n<li>Monitores para controles de facturas, eventos y documento soporte<\/li>\n<li>Generaci\u00f3n de eventos de la DIAN<\/li>\n<li>Reportes estad\u00edsticos<\/li>\n<\/ul>\n<p style=\"text-align: justify;\">[\/vc_column_text][\/vc_column][\/vc_row][vc_row][vc_column width=\u00bb1\/2&#8243;][vc_column_text]<\/p>\n<p class=\"x_MsoNormal x_ContentPasted1\" data-ogsc=\"\"><b data-ogsc=\"\"><span class=\"x_ContentPasted1\" data-ogsc=\"rgb(0, 0, 0)\" data-ogsb=\"white\">Eventos DIAN<\/span><span data-ogsc=\"rgb(0, 0, 0)\" data-ogsb=\"white\">:<\/span><span data-ogsc=\"rgb(0, 0, 0)\" data-ogsb=\"white\">\u00a0<\/span><\/b><\/p>\n<ul data-ogsc=\"\">\n<li class=\"x_ContentPasted1\" data-ogsc=\"rgb(0, 0, 0)\"><span class=\"x_ContentPasted1\" data-ogsc=\"rgb(0, 0, 0)\" data-ogsb=\"white\">Esta funcionalidad ayuda a generar los eventos de forma manual o automatica por alguna acci\u00f3n en el tr\u00e1mite de la factura para enviar el evento al proveedor tecnologico, que notificara a la DIAN.<\/span><span data-ogsc=\"rgb(0, 0, 0)\" data-ogsb=\"white\">\u00a0<\/span><\/li>\n<li data-ogsc=\"rgb(0, 0, 0)\"><span class=\"x_ContentPasted1\" data-ogsc=\"rgb(0, 0, 0)\" data-ogsb=\"white\">Agiliza, centraliza el proceso de env\u00edo o reporte de esta informaci\u00f3n de eventos de la DIAN.<\/span><span class=\"x_ContentPasted1\" data-ogsc=\"rgb(36, 36, 36)\" data-ogsb=\"white\"><span data-ogsc=\"rgb(0, 0, 0)\" data-ogsb=\"white\">\u00a0<\/span><\/span><\/li>\n<\/ul>\n<p>[\/vc_column_text][\/vc_column][vc_column width=\u00bb1\/2&#8243;][vc_column_text]<\/p>\n<p class=\"x_MsoNormal x_ContentPasted1\" data-ogsc=\"\"><b data-ogsc=\"\"><span class=\"x_ContentPasted1\" data-ogsc=\"rgb(0, 0, 0)\" data-ogsb=\"white\">Documento Soporte<\/span><span data-ogsc=\"rgb(0, 0, 0)\" data-ogsb=\"white\">:<\/span><span data-ogsc=\"rgb(0, 0, 0)\" data-ogsb=\"white\">\u00a0<\/span><\/b><\/p>\n<ul data-ogsc=\"\">\n<li class=\"x_ContentPasted1\" data-ogsc=\"rgb(0, 0, 0)\"><span class=\"x_ContentPasted1\" data-ogsc=\"rgb(0, 0, 0)\" data-ogsb=\"white\">Esta funcionalidad ayuda a las empresas compradoras que est\u00e1 obligado a facturar electr\u00f3nicamente cuando se realizan transacciones con un proveedor sin obligaci\u00f3n de expedir factura de venta o un\u00a0<\/span><span data-ogsc=\"rgb(0, 0, 0)\" data-ogsb=\"white\">documento<\/span><span class=\"x_ContentPasted1\" data-ogsc=\"rgb(0, 0, 0)\" data-ogsb=\"white\">\u00a0equivalente<\/span><span data-ogsc=\"rgb(0, 0, 0)\" data-ogsb=\"white\">\u00a0para enviar esta informaci\u00f3n a trav\u00e9s de su proveedor tecnol\u00f3gico a la DIAN con el gestor documental Eurodoc en SAP.<\/span><span data-ogsc=\"rgb(0, 0, 0)\" data-ogsb=\"white\">\u00a0<\/span><\/li>\n<li data-ogsc=\"rgb(0, 0, 0)\"><span class=\"x_ContentPasted1\" data-ogsc=\"rgb(0, 0, 0)\" data-ogsb=\"white\">Agiliza, centraliza el proceso de env\u00edo o reporte de esta informaci\u00f3n a la DIAN.<\/span><span class=\"x_ContentPasted1\" data-ogsc=\"rgb(36, 36, 36)\" data-ogsb=\"white\"><span data-ogsc=\"rgb(0, 0, 0)\" data-ogsb=\"white\">\u00a0<\/span><\/span><\/li>\n<\/ul>\n<p>[\/vc_column_text][\/vc_column][\/vc_row]<\/p>\n","protected":false},"excerpt":{"rendered":"<p>[vc_row][vc_column width=\u00bb1\/3&#8243;][\/vc_column][vc_column width=\u00bb1\/3&#8243;][vc_single_image image=\u00bb971&#8243; img_size=\u00bbfull\u00bb alignment=\u00bbcenter\u00bb][\/vc_column][\/vc_row][vc_row][vc_column][vc_column_text] El m\u00f3dulo de GETINVOICE permite la recepci\u00f3n, radicaci\u00f3n autom\u00e1tica y gesti\u00f3n de la factura electr\u00f3nica, se realizan las validaciones previas de la DIAN, se capturan datos del XML para su registr\u00f3 y distribuci\u00f3n a los responsables de forma autom\u00e1tica. Se puede tramitar el documento en un radicado cumpliendo todo [&hellip;]<\/p>\n","protected":false},"author":1,"featured_media":0,"parent":0,"menu_order":0,"comment_status":"closed","ping_status":"closed","template":"page-title.php","meta":[],"_links":{"self":[{"href":"https:\/\/mypartner.com.co\/mp\/wp-json\/wp\/v2\/pages\/923"}],"collection":[{"href":"https:\/\/mypartner.com.co\/mp\/wp-json\/wp\/v2\/pages"}],"about":[{"href":"https:\/\/mypartner.com.co\/mp\/wp-json\/wp\/v2\/types\/page"}],"author":[{"embeddable":true,"href":"https:\/\/mypartner.com.co\/mp\/wp-json\/wp\/v2\/users\/1"}],"replies":[{"embeddable":true,"href":"https:\/\/mypartner.com.co\/mp\/wp-json\/wp\/v2\/comments?post=923"}],"version-history":[{"count":5,"href":"https:\/\/mypartner.com.co\/mp\/wp-json\/wp\/v2\/pages\/923\/revisions"}],"predecessor-version":[{"id":1004,"href":"https:\/\/mypartner.com.co\/mp\/wp-json\/wp\/v2\/pages\/923\/revisions\/1004"}],"wp:attachment":[{"href":"https:\/\/mypartner.com.co\/mp\/wp-json\/wp\/v2\/media?parent=923"}],"curies":[{"name":"wp","href":"https:\/\/api.w.org\/{rel}","templated":true}]}}