{"id":862,"date":"2023-06-02T21:00:55","date_gmt":"2023-06-02T21:00:55","guid":{"rendered":"https:\/\/mypartnersap.com\/mp\/?page_id=862"},"modified":"2023-06-16T17:17:50","modified_gmt":"2023-06-16T17:17:50","slug":"getmail","status":"publish","type":"page","link":"https:\/\/mypartner.com.co\/mp\/es\/getmail\/","title":{"rendered":"GetMail"},"content":{"rendered":"<p>[vc_row][vc_column width=\u00bb1\/3&#8243;][\/vc_column][vc_column width=\u00bb1\/3&#8243;][vc_single_image image=\u00bb969&#8243; img_size=\u00bbfull\u00bb alignment=\u00bbcenter\u00bb][\/vc_column][\/vc_row][vc_row][vc_column][vc_column_text]<\/p>\n<p style=\"text-align: justify;\">Este sistema desarrollado por Mypartner, cuenta con diferentes herramientas para su configuraci\u00f3n de acuerdo con las necesidades de nuestros clientes, como generaci\u00f3n de representaci\u00f3n gr\u00e1fica, respuesta autom\u00e1tica, reenv\u00edo de correos procesados, procesamiento de Xml de eventos radian, entre otras. Adicionalmente cuenta con validaciones que facilita el procesamiento y gesti\u00f3n de facturas electr\u00f3nicas, descarg\u00e1ndolas a una ubicaci\u00f3n espec\u00edfica para su posterior lectura, radicaci\u00f3n, indexaci\u00f3n y generaci\u00f3n de Workflows de forma masiva y autom\u00e1tica desde Eurooc.<\/p>\n<p style=\"text-align: justify;\">Esta herramienta permite la conexi\u00f3n a diferentes proveedores de correo electr\u00f3nico como Microsoft office 365, Exchange, Gmail entre otros, cumpliendo con los requerimientos de seguridad necesarios para la conexi\u00f3n de aplicaciones de terceros a dichos proveedores de correo.<\/p>\n<p>[\/vc_column_text][\/vc_column][\/vc_row]<\/p>\n","protected":false},"excerpt":{"rendered":"<p>[vc_row][vc_column width=\u00bb1\/3&#8243;][\/vc_column][vc_column width=\u00bb1\/3&#8243;][vc_single_image image=\u00bb969&#8243; img_size=\u00bbfull\u00bb alignment=\u00bbcenter\u00bb][\/vc_column][\/vc_row][vc_row][vc_column][vc_column_text] Este sistema desarrollado por Mypartner, cuenta con diferentes herramientas para su configuraci\u00f3n de acuerdo con las necesidades de nuestros clientes, como generaci\u00f3n de representaci\u00f3n gr\u00e1fica, respuesta autom\u00e1tica, reenv\u00edo de correos procesados, procesamiento de Xml de eventos radian, entre otras. Adicionalmente cuenta con validaciones que facilita el procesamiento y gesti\u00f3n [&hellip;]<\/p>\n","protected":false},"author":1,"featured_media":0,"parent":0,"menu_order":0,"comment_status":"closed","ping_status":"closed","template":"page-title.php","meta":[],"_links":{"self":[{"href":"https:\/\/mypartner.com.co\/mp\/wp-json\/wp\/v2\/pages\/862"}],"collection":[{"href":"https:\/\/mypartner.com.co\/mp\/wp-json\/wp\/v2\/pages"}],"about":[{"href":"https:\/\/mypartner.com.co\/mp\/wp-json\/wp\/v2\/types\/page"}],"author":[{"embeddable":true,"href":"https:\/\/mypartner.com.co\/mp\/wp-json\/wp\/v2\/users\/1"}],"replies":[{"embeddable":true,"href":"https:\/\/mypartner.com.co\/mp\/wp-json\/wp\/v2\/comments?post=862"}],"version-history":[{"count":4,"href":"https:\/\/mypartner.com.co\/mp\/wp-json\/wp\/v2\/pages\/862\/revisions"}],"predecessor-version":[{"id":1000,"href":"https:\/\/mypartner.com.co\/mp\/wp-json\/wp\/v2\/pages\/862\/revisions\/1000"}],"wp:attachment":[{"href":"https:\/\/mypartner.com.co\/mp\/wp-json\/wp\/v2\/media?parent=862"}],"curies":[{"name":"wp","href":"https:\/\/api.w.org\/{rel}","templated":true}]}}