{"id":859,"date":"2023-06-02T21:00:25","date_gmt":"2023-06-02T21:00:25","guid":{"rendered":"https:\/\/mypartnersap.com\/mp\/?page_id=859"},"modified":"2023-06-16T17:17:03","modified_gmt":"2023-06-16T17:17:03","slug":"cutmail","status":"publish","type":"page","link":"https:\/\/mypartner.com.co\/mp\/es\/cutmail\/","title":{"rendered":"CutMail"},"content":{"rendered":"<p>[vc_row][vc_column width=\u00bb1\/3&#8243;][\/vc_column][vc_column width=\u00bb1\/3&#8243;][vc_single_image image=\u00bb970&#8243; img_size=\u00bbfull\u00bb alignment=\u00bbcenter\u00bb][\/vc_column][\/vc_row][vc_row][vc_column][vc_column_text]<\/p>\n<p style=\"text-align: justify;\">Es un programa desarrollado por My Partner capaz de depurar el\u00a0 buz\u00f3n de correo electr\u00f3nico bas\u00e1ndose en reglas las cuales se pueden parametrizar para que los correos recibidos sean movidos \u00a0a una carpeta del mismo \u00a0buz\u00f3n del correo y\/o\u00a0 a una carpeta de Windows, tambi\u00e9n permite el reenv\u00edo de correos a otra direcci\u00f3n de correo previamente parametrizada, logrando de esta manera \u00a0mantener las cuentas de correo depuradas de manera autom\u00e1tica y \u00a0sin necesidad de incurrir en compras adicionales \u00a0en el espacio de almacenamiento del buz\u00f3n.<\/p>\n<p>[\/vc_column_text][\/vc_column][\/vc_row][vc_row][vc_column width=\u00bb1\/2&#8243;][vc_column_text]<\/p>\n<p style=\"text-align: justify;\">La descarga de estos correos se realiza en una ruta definida por el usuario mediante la estructura de carpetas facilitando la visualizaci\u00f3n y b\u00fasqueda de los correos contenidos. Tambi\u00e9n crea una base de datos la cual facilita la generaci\u00f3n de reportes y validaciones para la gesti\u00f3n diaria.<\/p>\n<p>[\/vc_column_text][\/vc_column][vc_column width=\u00bb1\/2&#8243;][vc_column_text]<\/p>\n<p style=\"text-align: justify;\">Como cada uno de los productos desarrollados por My Partner el CutMail cuenta con unas validaciones y licenciamiento convirti\u00e9ndose as\u00ed en una herramienta 100% confiable para la instalaci\u00f3n en los equipos de nuestros Clientes<\/p>\n<p>[\/vc_column_text][\/vc_column][\/vc_row]<\/p>\n","protected":false},"excerpt":{"rendered":"<p>[vc_row][vc_column width=\u00bb1\/3&#8243;][\/vc_column][vc_column width=\u00bb1\/3&#8243;][vc_single_image image=\u00bb970&#8243; img_size=\u00bbfull\u00bb alignment=\u00bbcenter\u00bb][\/vc_column][\/vc_row][vc_row][vc_column][vc_column_text] Es un programa desarrollado por My Partner capaz de depurar el\u00a0 buz\u00f3n de correo electr\u00f3nico bas\u00e1ndose en reglas las cuales se pueden parametrizar para que los correos recibidos sean movidos \u00a0a una carpeta del mismo \u00a0buz\u00f3n del correo y\/o\u00a0 a una carpeta de Windows, tambi\u00e9n permite el reenv\u00edo de [&hellip;]<\/p>\n","protected":false},"author":1,"featured_media":0,"parent":0,"menu_order":0,"comment_status":"closed","ping_status":"closed","template":"page-title.php","meta":[],"_links":{"self":[{"href":"https:\/\/mypartner.com.co\/mp\/wp-json\/wp\/v2\/pages\/859"}],"collection":[{"href":"https:\/\/mypartner.com.co\/mp\/wp-json\/wp\/v2\/pages"}],"about":[{"href":"https:\/\/mypartner.com.co\/mp\/wp-json\/wp\/v2\/types\/page"}],"author":[{"embeddable":true,"href":"https:\/\/mypartner.com.co\/mp\/wp-json\/wp\/v2\/users\/1"}],"replies":[{"embeddable":true,"href":"https:\/\/mypartner.com.co\/mp\/wp-json\/wp\/v2\/comments?post=859"}],"version-history":[{"count":7,"href":"https:\/\/mypartner.com.co\/mp\/wp-json\/wp\/v2\/pages\/859\/revisions"}],"predecessor-version":[{"id":999,"href":"https:\/\/mypartner.com.co\/mp\/wp-json\/wp\/v2\/pages\/859\/revisions\/999"}],"wp:attachment":[{"href":"https:\/\/mypartner.com.co\/mp\/wp-json\/wp\/v2\/media?parent=859"}],"curies":[{"name":"wp","href":"https:\/\/api.w.org\/{rel}","templated":true}]}}