{"id":8,"date":"2017-01-30T15:15:30","date_gmt":"2017-01-30T15:15:30","guid":{"rendered":"http:\/\/mypartnersap.com\/mp\/?page_id=8"},"modified":"2023-06-06T18:56:30","modified_gmt":"2023-06-06T18:56:30","slug":"servicios","status":"publish","type":"page","link":"https:\/\/mypartner.com.co\/mp\/es\/servicios\/","title":{"rendered":"Servicios"},"content":{"rendered":"<p>[vc_row css=\u00bb.vc_custom_1486486562878{padding-bottom: 60px !important;}\u00bb][vc_column][vc_column_text el_class=\u00bbmain-text\u00bb]<\/p>\n<p style=\"text-align: justify;\">Nuestros servicios est\u00e1n enfocados a generar valor, mejorando los aspectos estrat\u00e9gicos y operativos de los procesos de nuestros clientes.<\/p>\n<p style=\"text-align: justify;\"><strong>My Partner<\/strong> cuenta con una red de profesionales a nivel internacional que nos permiten llevar a cabo proyectos de la m\u00e1s alta calidad siguiendo lineamientos y metodolo\u00edas actuales para garantizar el \u00e9xito de todos los proyectos.<\/p>\n<p>[\/vc_column_text][\/vc_column][\/vc_row][vc_row bg_type=\u00bbbg_color\u00bb css=\u00bb.vc_custom_1486682007666{padding-top: 30px !important;padding-bottom: 30px !important;}\u00bb bg_color_value=\u00bb#f1bc23&#8243;][vc_column][vc_column_text]<\/p>\n<blockquote>\n<h2 style=\"text-align: center;\">\u00a1Conoce todas las l\u00edneas de negocio que tenemos a tu servicio!<\/h2>\n<\/blockquote>\n<p>[\/vc_column_text][\/vc_column][\/vc_row][vc_row css=\u00bb.vc_custom_1488244465300{padding-top: 40px !important;padding-bottom: 50px !important;}\u00bb][vc_column][vc_column_text el_class=\u00bbmain-title\u00bb]<\/p>\n<section id=\"SM\">\n<h2>F\u00c1BRICA DE SOFTWARE<\/h2>\n<p>[\/vc_column_text][vc_column_text]<\/p>\n<h4>Desarrollo de aplicaciones<\/h4>\n<p style=\"text-align: justify;\">Contamos con un \u00e1rea de desarrollo dedicado para construir aplicaciones a la medida. Desarrollo de sistemas de informaci\u00f3n empresarial mediante el uso de plataformas de desarrollo como ABAP, JAVA, .NET, PHP, PYTHON, PL\/SQL, HTML5, React JS, Node JS, Angular, entre otras. Trabajanmos bajo las mejores pr\u00e1cticas y metodolog\u00edas \u00e1giles.<\/p>\n<ul class=\"check\">\n<li dir=\"ltr\" aria-level=\"1\">\n<p dir=\"ltr\" role=\"presentation\">Expertos de todos los niveles disponibles para su organizaci\u00f3n<\/p>\n<\/li>\n<li dir=\"ltr\" aria-level=\"1\">\n<p dir=\"ltr\" role=\"presentation\">Posibilidad de armar un equipo de desarrollo a su medida<\/p>\n<\/li>\n<li dir=\"ltr\" aria-level=\"1\">\n<p dir=\"ltr\" role=\"presentation\">Desarrollo de aplicaciones m\u00f3viles en Android y IOS<\/p>\n<\/li>\n<li dir=\"ltr\" aria-level=\"1\">\n<p dir=\"ltr\" role=\"presentation\">Consultor\u00eda, <span style=\"color: initial;\">Integraciones de software y <\/span><span style=\"color: initial;\">Seguridad inform\u00e1tica<\/span><\/p>\n<\/li>\n<\/ul>\n<\/section>\n<p>[\/vc_column_text][\/vc_column][\/vc_row][vc_row bg_type=\u00bbimage\u00bb parallax_style=\u00bbvcpb-vz-jquery\u00bb bg_image_new=\u00bbid^283|url^http:\/\/mypartnersap.com\/mp\/wp-content\/uploads\/2017\/02\/banner-03.jpg|caption^null|alt^null|title^banner-03|description^null\u00bb bg_image_repeat=\u00bbno-repeat\u00bb bg_override=\u00bbex-full\u00bb disable_on_mobile_img_parallax=\u00bbdisable_on_mobile_img_parallax_value\u00bb css=\u00bb.vc_custom_1487026125538{padding-top: 120px !important;padding-bottom: 120px !important;}\u00bb][vc_column][vc_column_text]<\/p>\n<blockquote>\n<h2 style=\"text-align: center;\">Tecnolog\u00eda, innovaci\u00f3n y resultados exitosos.<\/h2>\n<\/blockquote>\n<p>[\/vc_column_text][\/vc_column][\/vc_row][vc_row css=\u00bb.vc_custom_1486679045475{padding-top: 40px !important;padding-bottom: 60px !important;}\u00bb][vc_column width=\u00bb1\/2&#8243;][vc_column_text el_class=\u00bbmain-title\u00bb]<\/p>\n<section id=\"SS\">\n<h2 style=\"text-align: left;\">CONSULTOR\u00cdA ERP<\/h2>\n<p>[\/vc_column_text][vc_column_text]<\/p>\n<ul class=\"check\">\n<li style=\"text-align: justify;\"><strong>Implementaci\u00f3n Profesional de portales <\/strong>Somos expertos en la implementaci\u00f3n de soluciones Web de \u00faltima tecnolog\u00eda.<\/li>\n<li style=\"text-align: justify;\"><strong>Desarrollo de Soluciones IVR (Interactive Voice Response)\u00a0 <\/strong>Nuestros expertos est\u00e1n en capacidad de dise\u00f1ar e implementar soluciones de voz interactiva y enlazada a tecnolog\u00edas seg\u00fan las necesidades de su compa\u00f1\u00eda.<\/li>\n<li style=\"text-align: justify;\"><strong>Soluciones NPDI (New Product Development Innovation) <\/strong>Afronte con nosotros los nuevos retos que le impone la creaci\u00f3n de productos innovadores, NPDI provee las herramientas, nosotros el conocimiento!<\/li>\n<li style=\"text-align: justify;\"><strong>Help Desk <\/strong>Nuestros ingenieros est\u00e1n disponibles para brindarle a usted y su compa\u00f1\u00eda servicios especializados de mesa de ayuda nivel I y II, en cualquier momento que lo requiera.<\/li>\n<li style=\"text-align: justify;\"><strong>Implementaci\u00f3n de Soluciones <\/strong>Somos especialistas en la implementaci\u00f3n de soluciones de \u00faltima tecnolog\u00eda tales como ERP, SCM, CRM y Business Intelligence.<\/li>\n<li style=\"text-align: justify;\"><strong>Optimizaci\u00f3n de Sistemas y Procesos\u00a0<\/strong>Contamos con el personal calificado y experimentado para brindarle acompa\u00f1amiento y asesor\u00eda en la definici\u00f3n o re-ingenier\u00eda de los procesos claves de su negocio.<\/li>\n<li style=\"text-align: justify;\"><strong>Software Factory Services\u00a0<\/strong>Implementaci\u00f3n y Desarrollo ABAP, Generaci\u00f3n de Batch Input y Direct Input, Reportes, SapScript, Programaci\u00f3n de Di\u00e1logo, Bapis y RFC. Tambi\u00e9n contamos con personal calificado en J2EE, .NET y PHP para todos los proyectos que as\u00ed lo requieran.<\/li>\n<li style=\"text-align: justify;\"><strong>Contratos de Soporte de Aplicaciones\u00a0<\/strong>Brindamos soporte profesional de aplicaciones, no solo de SAP, sino tambi\u00e9n de AS400 y tecnolog\u00edas de \u00faltima generaci\u00f3n tales como Java, .NET, PHP y motores de bases de datos como Oracle, SQLServer y MySQL.<\/li>\n<\/ul>\n<p>[\/vc_column_text][\/vc_column][vc_column width=\u00bb1\/2&#8243;][vc_column_text el_class=\u00bbmain-title\u00bb]<\/p>\n<h2>GESTI\u00d3N DOCUMENTAL<\/h2>\n<p>[\/vc_column_text][vc_column_text]<\/p>\n<h4 style=\"text-align: justify;\">Consultor\u00eda en Gesti\u00f3n Documental<\/h4>\n<p style=\"text-align: justify;\">Ofrecemos el m\u00e1s especializado servicio en consultor\u00eda y asesor\u00eda en gesti\u00f3n documental, el cual conlleva procesos tales como:<\/p>\n<ul class=\"check\">\n<li style=\"text-align: justify;\">Elaboraci\u00f3n de diagn\u00f3sticos, propuestas y dise\u00f1o de soluciones en gesti\u00f3n documental<\/li>\n<li style=\"text-align: justify;\">Conformaci\u00f3n de comit\u00e9s de Archivo<\/li>\n<li style=\"text-align: justify;\">Uso de normas t\u00e9cnicas, tecnol\u00f3gicas y mejores pr\u00e1cticas para la organizaci\u00f3n de archivos, en las distintas etapas del ciclo vital de los documentos<\/li>\n<li style=\"text-align: justify;\">Definici\u00f3n de flujogramas y procesos archiv\u00edsticos<\/li>\n<li style=\"text-align: justify;\">Descripci\u00f3n de procedimientos para la implementaci\u00f3n de Ventanilla \u00danica<\/li>\n<li style=\"text-align: justify;\">Implementaci\u00f3n del PGD, con base en las indicaciones del AGN<\/li>\n<li style=\"text-align: justify;\">Elaboraci\u00f3n de instructivos para el manejo de las comunicaciones y el archivo<\/li>\n<li style=\"text-align: justify;\">Estructuraci\u00f3n de Cuadro de Clasificaci\u00f3n Documental, identificando series, subseries y tipos documentales<\/li>\n<li style=\"text-align: justify;\">Dise\u00f1o, elaboraci\u00f3n y aplicaci\u00f3n de Tablas de Retenci\u00f3n y Valoraci\u00f3n Documental, con base en la legislaci\u00f3n archiv\u00edstica vigente<\/li>\n<li style=\"text-align: justify;\">Organizaci\u00f3n de fondos acumulados<\/li>\n<li style=\"text-align: justify;\">Asesor\u00eda y acompa\u00f1amiento en la aplicaci\u00f3n de tecnolog\u00eda de punta para el manejo archiv\u00edstico<\/li>\n<li style=\"text-align: justify;\">Implementaci\u00f3n de las 5S en las \u00e1reas de Archivo<\/li>\n<li style=\"text-align: justify;\">Interventor\u00eda y evaluaci\u00f3n de procedimientos archiv\u00edsticos en curso<\/li>\n<li style=\"text-align: justify;\">Capacitaci\u00f3n sobre archiv\u00edstica y procedimientos documentales<\/li>\n<li class=\"logo-icon\" style=\"text-align: justify;\">Instalaci\u00f3n, configuraci\u00f3n e implementaci\u00f3n del Software, sistema de gesti\u00f3n documental\u00a0<span class=\"logo-icon\"><a href=\"http:\/\/mypartnersap.com\/mp\/en\/eurodoc-2\/\"><strong>EURODOC.<\/strong><\/a><\/span><\/li>\n<\/ul>\n<p>[\/vc_column_text][\/vc_column][\/vc_row][vc_row][vc_column][vc_column_text]<\/p>\n<\/section>\n<p>[\/vc_column_text][\/vc_column][\/vc_row]<\/p>\n","protected":false},"excerpt":{"rendered":"<p>[vc_row css=\u00bb.vc_custom_1486486562878{padding-bottom: 60px !important;}\u00bb][vc_column][vc_column_text el_class=\u00bbmain-text\u00bb] Nuestros servicios est\u00e1n enfocados a generar valor, mejorando los aspectos estrat\u00e9gicos y operativos de los procesos de nuestros clientes. My Partner cuenta con una red de profesionales a nivel internacional que nos permiten llevar a cabo proyectos de la m\u00e1s alta calidad siguiendo lineamientos y metodolo\u00edas actuales para garantizar el [&hellip;]<\/p>\n","protected":false},"author":2,"featured_media":0,"parent":0,"menu_order":0,"comment_status":"closed","ping_status":"closed","template":"page-title.php","meta":[],"_links":{"self":[{"href":"https:\/\/mypartner.com.co\/mp\/wp-json\/wp\/v2\/pages\/8"}],"collection":[{"href":"https:\/\/mypartner.com.co\/mp\/wp-json\/wp\/v2\/pages"}],"about":[{"href":"https:\/\/mypartner.com.co\/mp\/wp-json\/wp\/v2\/types\/page"}],"author":[{"embeddable":true,"href":"https:\/\/mypartner.com.co\/mp\/wp-json\/wp\/v2\/users\/2"}],"replies":[{"embeddable":true,"href":"https:\/\/mypartner.com.co\/mp\/wp-json\/wp\/v2\/comments?post=8"}],"version-history":[{"count":5,"href":"https:\/\/mypartner.com.co\/mp\/wp-json\/wp\/v2\/pages\/8\/revisions"}],"predecessor-version":[{"id":890,"href":"https:\/\/mypartner.com.co\/mp\/wp-json\/wp\/v2\/pages\/8\/revisions\/890"}],"wp:attachment":[{"href":"https:\/\/mypartner.com.co\/mp\/wp-json\/wp\/v2\/media?parent=8"}],"curies":[{"name":"wp","href":"https:\/\/api.w.org\/{rel}","templated":true}]}}