{"id":6,"date":"2017-01-30T15:15:12","date_gmt":"2017-01-30T15:15:12","guid":{"rendered":"http:\/\/mypartnersap.com\/mp\/?page_id=6"},"modified":"2023-06-19T15:51:51","modified_gmt":"2023-06-19T15:51:51","slug":"inicio","status":"publish","type":"page","link":"https:\/\/mypartner.com.co\/mp\/es\/inicio\/","title":{"rendered":"Inicio"},"content":{"rendered":"<p>[vc_row css=\u00bb.vc_custom_1486570628412{margin-top: 0px !important;}\u00bb][vc_column][rev_slider_vc alias=\u00bbSliderHome\u00bb][\/vc_column][\/vc_row][vc_row bg_type=\u00bbbg_color\u00bb bg_override=\u00bbex-full\u00bb seperator_enable=\u00bbseperator_enable_value\u00bb seperator_type=\u00bbxlarge_triangle_seperator\u00bb seperator_position=\u00bbbottom_seperator\u00bb seperator_svg_height=\u00bb100&#8243; seperator_shape_background=\u00bb#ffffff\u00bb bg_color_value=\u00bb#ffffff\u00bb][vc_column css=\u00bb.vc_custom_1486676736901{margin-top: -25px !important;}\u00bb][\/vc_column][\/vc_row][vc_row][vc_column width=\u00bb1\/3&#8243;][vc_single_image image=\u00bb182&#8243; img_size=\u00bbfull\u00bb onclick=\u00bbcustom_link\u00bb css_animation=\u00bbfadeInUp\u00bb link=\u00bbhttp:\/\/mypartnersap.com\/mp\/es\/productos\/eurodoc\/\u00bb][\/vc_column][vc_column width=\u00bb1\/3&#8243;][vc_single_image image=\u00bb181&#8243; img_size=\u00bbfull\u00bb onclick=\u00bbcustom_link\u00bb css_animation=\u00bbfadeInUp\u00bb link=\u00bbhttp:\/\/mypartnersap.com\/mp\/es\/productos\/euro-advance\/\u00bb][\/vc_column][vc_column width=\u00bb1\/3&#8243;][vc_single_image image=\u00bb180&#8243; img_size=\u00bbfull\u00bb onclick=\u00bbcustom_link\u00bb css_animation=\u00bbfadeInUp\u00bb link=\u00bbhttp:\/\/mypartnersap.com\/mp\/es\/productos\/euro-travel\/\u00bb][\/vc_column][\/vc_row][vc_row][vc_column width=\u00bb1\/2&#8243;][vc_single_image image=\u00bb547&#8243; img_size=\u00bbfull\u00bb onclick=\u00bbcustom_link\u00bb css_animation=\u00bbfadeInUp\u00bb link=\u00bbhttp:\/\/mypartnersap.com\/mp\/es\/productos\/euro-web\/\u00bb][\/vc_column][vc_column width=\u00bb1\/2&#8243;][vc_single_image image=\u00bb492&#8243; img_size=\u00bbfull\u00bb onclick=\u00bbcustom_link\u00bb css_animation=\u00bbfadeInUp\u00bb link=\u00bbhttp:\/\/mypartnersap.com\/mp\/es\/euro-quality\/\u00bb][\/vc_column][\/vc_row][vc_row][vc_column width=\u00bb1\/3&#8243;][vc_single_image image=\u00bb970&#8243; img_size=\u00bbfull\u00bb onclick=\u00bbcustom_link\u00bb css_animation=\u00bbfadeInUp\u00bb link=\u00bbhttp:\/\/mypartnersap.com\/mp\/es\/productos\/cutmail\/\u00bb][\/vc_column][vc_column width=\u00bb1\/3&#8243;][vc_single_image image=\u00bb969&#8243; img_size=\u00bbfull\u00bb onclick=\u00bbcustom_link\u00bb css_animation=\u00bbfadeInUp\u00bb link=\u00bbhttp:\/\/mypartnersap.com\/mp\/es\/productos\/getmail\/\u00bb][\/vc_column][vc_column width=\u00bb1\/3&#8243;][\/vc_column][vc_column width=\u00bb1\/3&#8243;][vc_single_image image=\u00bb968&#8243; img_size=\u00bbfull\u00bb onclick=\u00bbcustom_link\u00bb css_animation=\u00bbfadeInUp\u00bb link=\u00bbhttp:\/\/mypartnersap.com\/mp\/es\/productos\/ventanilla-virtual\/\u00bb][\/vc_column][vc_column width=\u00bb1\/3&#8243;][\/vc_column][vc_column width=\u00bb1\/3&#8243;][vc_single_image image=\u00bb971&#8243; img_size=\u00bbfull\u00bb onclick=\u00bbcustom_link\u00bb css_animation=\u00bbfadeInUp\u00bb link=\u00bbhttp:\/\/mypartnersap.com\/mp\/es\/getinvoice\/\u00bb][\/vc_column][vc_column width=\u00bb1\/3&#8243;][\/vc_column][vc_column width=\u00bb1\/6&#8243;][\/vc_column][\/vc_row][vc_row bg_type=\u00bbbg_color\u00bb bg_override=\u00bbex-full\u00bb seperator_enable=\u00bbseperator_enable_value\u00bb seperator_type=\u00bbtriangle_svg_seperator\u00bb seperator_svg_height=\u00bb100&#8243; seperator_shape_background=\u00bb#ffffff\u00bb bg_color_value=\u00bb#ffffff\u00bb][vc_column][\/vc_column][\/vc_row][vc_row bg_type=\u00bbbg_color\u00bb bg_override=\u00bbex-full\u00bb bg_color_value=\u00bb#eaeaea\u00bb][vc_column css=\u00bb.vc_custom_1486676884113{padding-top: 100px !important;padding-bottom: 100px !important;}\u00bb] [vc_column_text]<\/p>\n<p><\/p>\n<p style=\"text-align: justify;\"><strong>My Partner<\/strong>&nbsp;es la firma de consultor\u00eda l\u00edder en Colombia y con alta proyecci\u00f3n internacional. La calidad de nuestros servicios y la alta preparaci\u00f3n de nuestros profesionales nos ha logrado posicionar entre nuestros clientes como la mejor opci\u00f3n para el an\u00e1lisis, desarrollo e implementaci\u00f3n de soluciones tecnol\u00f3gicas.<\/p>\n<p>[\/vc_column_text][vc_row_inner][vc_column_inner width=\u00bb1\/2&#8243;][vc_column_text css=\u00bb.vc_custom_1486676655915{margin-bottom: 0px !important;}\u00bb]<\/p>\n<h3 style=\"text-align: center;\">Misi\u00f3n<\/h3>\n<p>[\/vc_column_text][vc_column_text el_class=\u00bbmain-title\u00bb]<\/p>\n<p style=\"text-align: justify;\">Analizar, desarrollar, operar y mantener soluciones tecnol\u00f3gicas que optimicen los procesos de negocio y provean valor agregado a nuestros clientes.<\/p>\n<p>[\/vc_column_text][\/vc_column_inner][vc_column_inner width=\u00bb1\/2&#8243;][vc_column_text css=\u00bb.vc_custom_1486676660363{margin-bottom: 0px !important;}\u00bb]<\/p>\n<h3 style=\"text-align: center;\">Visi\u00f3n<\/h3>\n<p>[\/vc_column_text][vc_column_text el_class=\u00bbmain-title\u00bb]<\/p>\n<p style=\"text-align: justify;\">Ser en el 2030 la empresa de consultor\u00eda tecnol\u00f3gica m\u00e1s reconocida en Colombia y Am\u00e9rica Latina, por su profesionalismo, seriedad y resultados exitosos.<\/p>\n<p>[\/vc_column_text][\/vc_column_inner][\/vc_row_inner][\/vc_column][\/vc_row][vc_row css=\u00bb.vc_custom_1486684132032{padding-top: 60px !important;}\u00bb][vc_column width=\u00bb1\/2&#8243;][vc_single_image image=\u00bb385&#8243; img_size=\u00bb160&#215;160&#8243; alignment=\u00bbcenter\u00bb][vc_column_text el_class=\u00bbmain-title\u00bb]<\/p>\n<h2>Implementaci\u00f3n de aplicaciones<\/h2>\n<p>[\/vc_column_text][vc_column_text el_class=\u00bbmain-title\u00bb]<\/p>\n<p style=\"text-align: justify;\">En My Partner somos especialistas en la implementaci\u00f3n de soluciones de \u00faltima tecnolog\u00eda tales como Aplicaciones WEB, ERP, SCM, CRM, Business Intelligence y Portals.<\/p>\n<p>[\/vc_column_text][\/vc_column][vc_column width=\u00bb1\/2&#8243;][vc_single_image image=\u00bb382&#8243; img_size=\u00bb160&#215;160&#8243; alignment=\u00bbcenter\u00bb][vc_column_text el_class=\u00bbmain-title\u00bb]<\/p>\n<h2>Help Desk &#8211; Mesa de Ayuda<\/h2>\n<p>[\/vc_column_text][vc_column_text el_class=\u00bbmain-title\u00bb]<\/p>\n<p style=\"text-align: justify;\">Nuestros ingenieros est\u00e1n disponibles para brindarle a usted y su compa\u00f1\u00eda servicios especializados de mesa de ayuda&nbsp; nivel I y II, en cualquier momento.<\/p>\n<p>[\/vc_column_text][\/vc_column][\/vc_row][vc_row][vc_column width=\u00bb1\/2&#8243;][vc_single_image image=\u00bb381&#8243; img_size=\u00bb160&#215;160&#8243; alignment=\u00bbcenter\u00bb][vc_column_text el_class=\u00bbmain-title\u00bb]<\/p>\n<h2>Optimizaci\u00f3n de sistemas y procesos<\/h2>\n<p>[\/vc_column_text][vc_column_text el_class=\u00bbmain-title\u00bb]<\/p>\n<p style=\"text-align: justify;\">Contamos con el personal calificado y experimentado para brindarle acompa\u00f1amiento y asesor\u00eda en la definici\u00f3n o re-ingenier\u00eda de los procesos claves de su negocio.<\/p>\n<p>[\/vc_column_text][\/vc_column][vc_column width=\u00bb1\/2&#8243;][vc_single_image image=\u00bb386&#8243; img_size=\u00bb160&#215;160&#8243; alignment=\u00bbcenter\u00bb][vc_column_text el_class=\u00bbmain-title\u00bb]<\/p>\n<h2>Contratos de soporte de aplicaciones<\/h2>\n<p>[\/vc_column_text][vc_column_text el_class=\u00bbmain-title\u00bb]<\/p>\n<p style=\"text-align: justify;\"><strong>My Partner<\/strong> le ofrece la posibilidad de suplir las necesidades de soporte y mesa de ayuda en cada m\u00f3dulo, desarrollos y funcionalidades de las aplicaciones WEB.<\/p>\n<p>[\/vc_column_text][\/vc_column][\/vc_row][vc_row css=\u00bb.vc_custom_1487099754017{margin-top: 30px !important;margin-bottom: 30px !important;}\u00bb][vc_column][vc_btn title=\u00bbSoporte\u00bb style=\u00bbflat\u00bb shape=\u00bbsquare\u00bb color=\u00bbsuccess\u00bb align=\u00bbcenter\u00bb button_block=\u00bbtrue\u00bb link=\u00bburl:http%3A%2F%2Fmypartnersap.com%2Fmp%2Fes%2Fcontacto%2F%3Fasunto%3DSoporte%23contact|||\u00bb][\/vc_column][\/vc_row][vc_row css=\u00bb.vc_custom_1486679655493{padding-bottom: 80px !important;}\u00bb][vc_column][vc_column_text el_class=\u00bbmain-title\u00bb]<\/p>\n<h2>SOMOS SU ALIADO EN TECNOLOG\u00cdA<\/h2>\n<p>[\/vc_column_text][vc_column_text]<\/p>\n<p style=\"text-align: justify;\">Somos su soluci\u00f3n en tecnolog\u00eda. My Partner es una compa\u00f1\u00eda de consultor\u00eda de negocios, procesos y tecnolog\u00eda, l\u00edder en innovaci\u00f3n y con resultados exitosos. Nuestra especialidad es desarrollar soluciones de negocio.<\/p>\n<p style=\"text-align: justify;\">My Partner&nbsp;desarrolla y fortalece su capital intelectual aplicando los m\u00e1s altos est\u00e1ndares a nivel internacional en todos sus proyectos. Nuestra misi\u00f3n es ofrecer soluciones en el \u00e1rea de Tecnolog\u00eda y Sistemas de Informaci\u00f3n al costo m\u00e1s competitivo del mercado y con la m\u00e1s alta calidad.<\/p>\n<p style=\"text-align: justify;\">My Partner&nbsp;provee soluciones tecnol\u00f3gicas de talla mundial y profesionales altamente calificados para apoyar todos los procesos de su compa\u00f1\u00eda.<\/p>\n<p style=\"text-align: justify;\">Somos especialistas en la implantaci\u00f3n de soluciones de \u00faltima tecnolog\u00eda tales como aplicaciones WEB, ERP, SCM, CRM, Business Intelligence y Portals.<\/p>\n<ul class=\"check\">\n<li style=\"text-align: justify;\">Implementaci\u00f3n de aplicaciones&nbsp;<\/li>\n<li style=\"text-align: justify;\">Optimizaci\u00f3n de sistemas y procesos<\/li>\n<li style=\"text-align: justify;\">Help desk &#8211; Mesa de ayuda<\/li>\n<li style=\"text-align: justify;\">Contratos de soporte de aplicaciones<\/li>\n<\/ul>\n<p>[\/vc_column_text][\/vc_column][\/vc_row][vc_row css=\u00bb.vc_custom_1486692367007{margin-top: 50px !important;margin-bottom: 50px !important;}\u00bb][vc_column][\/vc_column][\/vc_row][vc_row bg_type=\u00bbimage\u00bb parallax_style=\u00bbvcpb-vz-jquery\u00bb bg_image_new=\u00bbid^300|url^http:\/\/mypartnersap.com\/mp\/wp-content\/uploads\/2017\/01\/banner-07.jpg|caption^null|alt^null|title^banner-07|description^null\u00bb bg_image_repeat=\u00bbno-repeat\u00bb bg_override=\u00bbex-full\u00bb disable_on_mobile_img_parallax=\u00bbdisable_on_mobile_img_parallax_value\u00bb css=\u00bb.vc_custom_1486679587527{padding-top: 80px !important;padding-bottom: 80px !important;}\u00bb][vc_column][vc_column_text css=\u00bb.vc_custom_1486683707762{margin-bottom: 0px !important;}\u00bb el_class=\u00bbtitle-white\u00bb]<\/p>\n<h3>Nuestros resultados lo demuestran<\/h3>\n<p>[\/vc_column_text][vc_column_text el_class=\u00bbmain-text text-white\u00bb]<\/p>\n<p style=\"text-align: justify;\">Es por ello que el 100% de nuestros clientes han expresado su total satisfacci\u00f3n en todas las etapas de los proyectos que hemos realizado, no solo en la preparaci\u00f3n, desarrollo y finalizaci\u00f3n de los mismos, sino tambi\u00e9n por el acompa\u00f1amiento posterior y la asesor\u00eda permanente para garantizar el \u00e9xito de las soluciones implantadas.<\/p>\n<p style=\"text-align: justify;\">Nuestra experiencia a lo largo de 16 a\u00f1os nos ha permitido ser los l\u00edderes en innovaci\u00f3n de soluciones y con resultados exitosos.<\/p>\n<p>[\/vc_column_text][\/vc_column][\/vc_row][vc_row css=\u00bb.vc_custom_1486679733772{padding-top: 60px !important;}\u00bb][vc_column][vc_column_text el_class=\u00bbmain-title\u00bb]<\/p>\n\n","protected":false},"excerpt":{"rendered":"<p>[vc_row css=\u00bb.vc_custom_1486570628412{margin-top: 0px !important;}\u00bb][vc_column][rev_slider_vc alias=\u00bbSliderHome\u00bb][\/vc_column][\/vc_row][vc_row bg_type=\u00bbbg_color\u00bb bg_override=\u00bbex-full\u00bb seperator_enable=\u00bbseperator_enable_value\u00bb seperator_type=\u00bbxlarge_triangle_seperator\u00bb seperator_position=\u00bbbottom_seperator\u00bb seperator_svg_height=\u00bb100&#8243; seperator_shape_background=\u00bb#ffffff\u00bb bg_color_value=\u00bb#ffffff\u00bb][vc_column css=\u00bb.vc_custom_1486676736901{margin-top: -25px !important;}\u00bb][\/vc_column][\/vc_row][vc_row][vc_column width=\u00bb1\/3&#8243;][vc_single_image image=\u00bb182&#8243; img_size=\u00bbfull\u00bb onclick=\u00bbcustom_link\u00bb css_animation=\u00bbfadeInUp\u00bb link=\u00bbhttp:\/\/mypartnersap.com\/mp\/es\/productos\/eurodoc\/\u00bb][\/vc_column][vc_column width=\u00bb1\/3&#8243;][vc_single_image image=\u00bb181&#8243; img_size=\u00bbfull\u00bb onclick=\u00bbcustom_link\u00bb css_animation=\u00bbfadeInUp\u00bb link=\u00bbhttp:\/\/mypartnersap.com\/mp\/es\/productos\/euro-advance\/\u00bb][\/vc_column][vc_column width=\u00bb1\/3&#8243;][vc_single_image image=\u00bb180&#8243; img_size=\u00bbfull\u00bb onclick=\u00bbcustom_link\u00bb css_animation=\u00bbfadeInUp\u00bb link=\u00bbhttp:\/\/mypartnersap.com\/mp\/es\/productos\/euro-travel\/\u00bb][\/vc_column][\/vc_row][vc_row][vc_column width=\u00bb1\/2&#8243;][vc_single_image image=\u00bb547&#8243; img_size=\u00bbfull\u00bb onclick=\u00bbcustom_link\u00bb css_animation=\u00bbfadeInUp\u00bb link=\u00bbhttp:\/\/mypartnersap.com\/mp\/es\/productos\/euro-web\/\u00bb][\/vc_column][vc_column width=\u00bb1\/2&#8243;][vc_single_image image=\u00bb492&#8243; img_size=\u00bbfull\u00bb onclick=\u00bbcustom_link\u00bb css_animation=\u00bbfadeInUp\u00bb link=\u00bbhttp:\/\/mypartnersap.com\/mp\/es\/euro-quality\/\u00bb][\/vc_column][\/vc_row][vc_row][vc_column width=\u00bb1\/3&#8243;][vc_single_image image=\u00bb970&#8243; img_size=\u00bbfull\u00bb onclick=\u00bbcustom_link\u00bb css_animation=\u00bbfadeInUp\u00bb link=\u00bbhttp:\/\/mypartnersap.com\/mp\/es\/productos\/cutmail\/\u00bb][\/vc_column][vc_column width=\u00bb1\/3&#8243;][vc_single_image image=\u00bb969&#8243; img_size=\u00bbfull\u00bb [&hellip;]<\/p>\n","protected":false},"author":2,"featured_media":0,"parent":0,"menu_order":0,"comment_status":"closed","ping_status":"closed","template":"page-home.php","meta":[],"_links":{"self":[{"href":"https:\/\/mypartner.com.co\/mp\/wp-json\/wp\/v2\/pages\/6"}],"collection":[{"href":"https:\/\/mypartner.com.co\/mp\/wp-json\/wp\/v2\/pages"}],"about":[{"href":"https:\/\/mypartner.com.co\/mp\/wp-json\/wp\/v2\/types\/page"}],"author":[{"embeddable":true,"href":"https:\/\/mypartner.com.co\/mp\/wp-json\/wp\/v2\/users\/2"}],"replies":[{"embeddable":true,"href":"https:\/\/mypartner.com.co\/mp\/wp-json\/wp\/v2\/comments?post=6"}],"version-history":[{"count":65,"href":"https:\/\/mypartner.com.co\/mp\/wp-json\/wp\/v2\/pages\/6\/revisions"}],"predecessor-version":[{"id":1012,"href":"https:\/\/mypartner.com.co\/mp\/wp-json\/wp\/v2\/pages\/6\/revisions\/1012"}],"wp:attachment":[{"href":"https:\/\/mypartner.com.co\/mp\/wp-json\/wp\/v2\/media?parent=6"}],"curies":[{"name":"wp","href":"https:\/\/api.w.org\/{rel}","templated":true}]}}