{"id":51,"date":"2017-02-03T01:21:15","date_gmt":"2017-02-03T01:21:15","guid":{"rendered":"http:\/\/mypartnersap.com\/mp\/?page_id=51"},"modified":"2023-06-13T17:10:55","modified_gmt":"2023-06-13T17:10:55","slug":"euro-web-2","status":"publish","type":"page","link":"https:\/\/mypartner.com.co\/mp\/es\/euro-web-2\/","title":{"rendered":"Euro Web"},"content":{"rendered":"<p>[vc_row][vc_column][vc_single_image image=\u00bb547&#8243; img_size=\u00bbfull\u00bb alignment=\u00bbcenter\u00bb][\/vc_column][\/vc_row][vc_row][vc_column][vc_column_text]<\/p>\n<p style=\"text-align: justify;\">EURODOC-WEB ha sido desarrollado en un entorno Web de Windows, con registro y validaci\u00f3n de seguridad previa por cada usuario o contacto para cumplir las necesidades de las PyMes en la radicaci\u00f3n y gesti\u00f3n de los diferentes tipos de documentos y correspondencias que ingresan a la organizaci\u00f3n, de forma tal que permita su funcionamiento sobre la intranet o internet logrando un trabajo cooperativo donde la documentaci\u00f3n relacionada a los procesos suministra informaci\u00f3n de manera din\u00e1mica y confiable.<\/p>\n<p>Se integra con el proceso de facturaci\u00f3n electr\u00f3nica permitiendo la radicaci\u00f3n automatica y la generaci\u00f3n de eventos DIAN desde la misma plataforma.<\/p>\n<p style=\"text-align: justify;\">De gran utilidad para las peque\u00f1as y medianas empresas ya que facilita la planeaci\u00f3n, implantaci\u00f3n, administraci\u00f3n y mantenimiento de los procesos internos. Cuenta con los m\u00f3dulos de configuraci\u00f3n de datos maestros, administrador de tareas WF, Radicaci\u00f3n, Reporter\u00eda y otras utilidades.<\/p>\n<p>[\/vc_column_text][\/vc_column][\/vc_row][vc_row][\/vc_row][vc_column_text css=\u00bb.vc_custom_1486501020177{margin-bottom: 0px !important;}\u00bb][\/vc_column_text]<\/p>\n","protected":false},"excerpt":{"rendered":"<p>[vc_row][vc_column][vc_single_image image=\u00bb547&#8243; img_size=\u00bbfull\u00bb alignment=\u00bbcenter\u00bb][\/vc_column][\/vc_row][vc_row][vc_column][vc_column_text] EURODOC-WEB ha sido desarrollado en un entorno Web de Windows, con registro y validaci\u00f3n de seguridad previa por cada usuario o contacto para cumplir las necesidades de las PyMes en la radicaci\u00f3n y gesti\u00f3n de los diferentes tipos de documentos y correspondencias que ingresan a la organizaci\u00f3n, de forma tal que [&hellip;]<\/p>\n","protected":false},"author":2,"featured_media":0,"parent":0,"menu_order":0,"comment_status":"closed","ping_status":"closed","template":"page-title.php","meta":[],"_links":{"self":[{"href":"https:\/\/mypartner.com.co\/mp\/wp-json\/wp\/v2\/pages\/51"}],"collection":[{"href":"https:\/\/mypartner.com.co\/mp\/wp-json\/wp\/v2\/pages"}],"about":[{"href":"https:\/\/mypartner.com.co\/mp\/wp-json\/wp\/v2\/types\/page"}],"author":[{"embeddable":true,"href":"https:\/\/mypartner.com.co\/mp\/wp-json\/wp\/v2\/users\/2"}],"replies":[{"embeddable":true,"href":"https:\/\/mypartner.com.co\/mp\/wp-json\/wp\/v2\/comments?post=51"}],"version-history":[{"count":3,"href":"https:\/\/mypartner.com.co\/mp\/wp-json\/wp\/v2\/pages\/51\/revisions"}],"predecessor-version":[{"id":963,"href":"https:\/\/mypartner.com.co\/mp\/wp-json\/wp\/v2\/pages\/51\/revisions\/963"}],"wp:attachment":[{"href":"https:\/\/mypartner.com.co\/mp\/wp-json\/wp\/v2\/media?parent=51"}],"curies":[{"name":"wp","href":"https:\/\/api.w.org\/{rel}","templated":true}]}}