{"id":49,"date":"2017-02-03T01:20:52","date_gmt":"2017-02-03T01:20:52","guid":{"rendered":"http:\/\/mypartnersap.com\/mp\/?page_id=49"},"modified":"2023-06-05T15:24:42","modified_gmt":"2023-06-05T15:24:42","slug":"euro-travel-3","status":"publish","type":"page","link":"https:\/\/mypartner.com.co\/mp\/es\/euro-travel-3\/","title":{"rendered":"Euro travel"},"content":{"rendered":"<p>[vc_row][vc_column][vc_single_image image=\u00bb180&#8243; img_size=\u00bbfull\u00bb alignment=\u00bbcenter\u00bb][\/vc_column][\/vc_row][vc_row][vc_column][vc_column_text]<\/p>\n<p style=\"text-align: justify;\">La funcionalidad de Gesti\u00f3n de Viajes FI-TV del ERP est\u00e1 integrada con el sistema de gesti\u00f3n documental <a href=\"http:\/\/mypartnersap.com\/mp\/es\/eurodoc-2\/\"><span class=\"logo-icon\"><strong>EURODOC<\/strong><\/span><\/a>, gracias a esto el sistema de gesti\u00f3n documental\u00a0<a href=\"http:\/\/mypartnersap.com\/mp\/es\/eurodoc-2\/\"><span class=\"logo-icon\"><strong>EURODOC<\/strong><\/span><\/a> se convierte en la plataforma para la administraci\u00f3n y acompa\u00f1amiento de este proceso. Facilita la gesti\u00f3n de cada uno de los procedimientos requeridos, entre ellos, el diligenciamiento de la solicitud, autorizaciones, gesti\u00f3n de reservas, contabilizaci\u00f3n de anticipos, desembolso de anticipos, reporte de gastos, contabilizaci\u00f3n gastos y reembolso de ser necesario.<\/p>\n<p style=\"text-align: justify;\">Gesti\u00f3n de Viajes explota el modulo WorkFlow del ERP, el cual facilita el paso por cada uno de los responsables sin necesidad de dirigirse f\u00edsicamente a cada puesto de trabajo, de este modo el sistema de gesti\u00f3n documental <a href=\"http:\/\/mypartnersap.com\/mp\/es\/eurodoc-2\/\"><span class=\"logo-icon\"><strong>EURODOC<\/strong><\/span><\/a> <strong>Travel Management<\/strong> agiliza, dinamiza y ayuda a controlar la gesti\u00f3n de los gastos de viaje.<\/p>\n<p>[\/vc_column_text][\/vc_column][\/vc_row][vc_row][vc_column][vc_column_text css=\u00bb.vc_custom_1486500794781{margin-bottom: 0px !important;}\u00bb]<\/p>\n<h3>Funcionalidad e Integraci\u00f3n<\/h3>\n<p>[\/vc_column_text][vc_column_text]<\/p>\n<p style=\"text-align: justify;\">Gracias a que el sistema de gesti\u00f3n documental\u00a0<a href=\"http:\/\/mypartnersap.com\/mp\/es\/eurodoc-2\/\"><span class=\"logo-icon\"><strong>EURODOC<\/strong><\/span><\/a> <strong>Travel Management<\/strong>, es posible integrarse con los objetos y procesos de este importante ERP; de este modo se facilita la integraci\u00f3n con el modulo de FI-TV, CO y los infotipos requeridos del modulo HR, evitando as\u00ed que las empresas incurran en gastos que otros aplicativos exigen para la realizaci\u00f3n de interfaces con los m\u00f3dulos contables (FI), (CO) centros de costos a los cuales imputar los gastos, (HR) datos de los viajeros o empleados, modulo de Radicaci\u00f3n de Comprobantes y otro modulo de Workflow externo a su ERP.<\/p>\n<p>[\/vc_column_text][\/vc_column][\/vc_row]<\/p>\n","protected":false},"excerpt":{"rendered":"<p>[vc_row][vc_column][vc_single_image image=\u00bb180&#8243; img_size=\u00bbfull\u00bb alignment=\u00bbcenter\u00bb][\/vc_column][\/vc_row][vc_row][vc_column][vc_column_text] La funcionalidad de Gesti\u00f3n de Viajes FI-TV del ERP est\u00e1 integrada con el sistema de gesti\u00f3n documental EURODOC, gracias a esto el sistema de gesti\u00f3n documental\u00a0EURODOC se convierte en la plataforma para la administraci\u00f3n y acompa\u00f1amiento de este proceso. Facilita la gesti\u00f3n de cada uno de los procedimientos requeridos, entre ellos, [&hellip;]<\/p>\n","protected":false},"author":2,"featured_media":0,"parent":0,"menu_order":0,"comment_status":"closed","ping_status":"closed","template":"page-title.php","meta":[],"_links":{"self":[{"href":"https:\/\/mypartner.com.co\/mp\/wp-json\/wp\/v2\/pages\/49"}],"collection":[{"href":"https:\/\/mypartner.com.co\/mp\/wp-json\/wp\/v2\/pages"}],"about":[{"href":"https:\/\/mypartner.com.co\/mp\/wp-json\/wp\/v2\/types\/page"}],"author":[{"embeddable":true,"href":"https:\/\/mypartner.com.co\/mp\/wp-json\/wp\/v2\/users\/2"}],"replies":[{"embeddable":true,"href":"https:\/\/mypartner.com.co\/mp\/wp-json\/wp\/v2\/comments?post=49"}],"version-history":[{"count":1,"href":"https:\/\/mypartner.com.co\/mp\/wp-json\/wp\/v2\/pages\/49\/revisions"}],"predecessor-version":[{"id":885,"href":"https:\/\/mypartner.com.co\/mp\/wp-json\/wp\/v2\/pages\/49\/revisions\/885"}],"wp:attachment":[{"href":"https:\/\/mypartner.com.co\/mp\/wp-json\/wp\/v2\/media?parent=49"}],"curies":[{"name":"wp","href":"https:\/\/api.w.org\/{rel}","templated":true}]}}