{"id":486,"date":"2017-02-15T14:19:51","date_gmt":"2017-02-15T14:19:51","guid":{"rendered":"http:\/\/mypartnersap.com\/mp\/?page_id=486"},"modified":"2023-06-05T15:22:59","modified_gmt":"2023-06-05T15:22:59","slug":"euro-quality","status":"publish","type":"page","link":"https:\/\/mypartner.com.co\/mp\/es\/euro-quality\/","title":{"rendered":"Euro Quality"},"content":{"rendered":"<p>[vc_row][vc_column][vc_single_image image=\u00bb492&#8243; img_size=\u00bbfull\u00bb alignment=\u00bbcenter\u00bb][\/vc_column][\/vc_row][vc_row][vc_column][vc_column_text]<\/p>\n<p style=\"text-align: center;\"><span style=\"font-weight: 400;\">M\u00f3dulo de <\/span><b>EVENTOS ADVERSOS<\/b> <span style=\"font-weight: 400;\">de <\/span><strong>EUROQUALITY<\/strong><b>,<\/b><span style=\"font-weight: 400;\"> para el \u00e1rea de la Salud. <\/span><\/p>\n<p>[\/vc_column_text][\/vc_column][\/vc_row][vc_row][vc_column][vc_column_text css=\u00bb.vc_custom_1489701406396{margin-bottom: 20px !important;}\u00bb]<\/p>\n<h3 style=\"text-align: center;\">M\u00d3DULO DE EVENTOS ADVERSOS NORMALIZADO EN ENTES HOSPITALARIOS CON LA VERTICAL DE SALUD<\/h3>\n<p>[\/vc_column_text][\/vc_column][\/vc_row][vc_row][vc_column width=\u00bb1\/2&#8243;][vc_column_text css=\u00bb.vc_custom_1489701271961{margin-bottom: 10px !important;}\u00bb]<\/p>\n<p style=\"text-align: justify;\"><b>EVENTO ADVERSO<\/b><span style=\"font-weight: 400;\">: \u00a0\u00a0Lesiones involuntarias, no intencionadas, que ocurren durante la atenci\u00f3n en salud, las cuales son m\u00e1s atribuibles a \u00e9sta que a la enfermedad subyacente, y que pueden conducir a la muerte, la incapacidad o al deterioro en el estado de salud del paciente, a la prolongaci\u00f3n del tiempo de estancia de hospitalizaci\u00f3n y al incremento de los costos y afectaci\u00f3n de la \u00a0calidad.<\/span><\/p>\n<p>[\/vc_column_text][vc_column_text css=\u00bb.vc_custom_1489701277008{margin-bottom: 10px !important;}\u00bb]<\/p>\n<p style=\"text-align: justify;\"><b>SEGURIDAD DEL PACIENTE<\/b><span style=\"font-weight: 400;\">: Es el conjunto de elementos estructurales, procesos, instrumentos y metodolog\u00edas basadas en evidencias cient\u00edficamente probadas que propenden por minimizar el riesgo de sufrir un evento adverso en el proceso de atenci\u00f3n de salud o de mitigar sus consecuencias.<\/span><\/p>\n<p>[\/vc_column_text][vc_column_text css=\u00bb.vc_custom_1489701281385{margin-bottom: 10px !important;}\u00bb]<\/p>\n<p style=\"text-align: justify;\"><b>CASI EVENTO<\/b><span style=\"font-weight: 400;\">: Cualquier situaci\u00f3n en la que una sucesi\u00f3n continuada de efectos fue detenida evitando la aparici\u00f3n de potenciales consecuencias, errores que casi ocurrieron, sucesos que en otras circunstancias podr\u00edan haber tenido graves consecuencias, o acontecimientos peligrosos que no han producido da\u00f1os personales, aunque los haya podido producir materiales y que sirven de aviso de la posibilidad de que ocurran eventos adversos.<\/span><\/p>\n<p>[\/vc_column_text][vc_column_text css=\u00bb.vc_custom_1489701289572{margin-bottom: 10px !important;}\u00bb]<\/p>\n<p style=\"text-align: justify;\"><b>EVENTO CENTINELA<\/b><span style=\"font-weight: 400;\">: Es un evento de ocurrencia no anticipada que involucra la muerte o p\u00e9rdida permanente mayor de funci\u00f3n no relacionada con el curso natural de la enfermedad o del problema subyacente del paciente.<\/span><\/p>\n<p>[\/vc_column_text][\/vc_column][vc_column width=\u00bb1\/2&#8243;][vc_column_text css=\u00bb.vc_custom_1489701297635{margin-bottom: 10px !important;}\u00bb]<\/p>\n<p style=\"text-align: justify;\"><b>BARRERA DE SEGURIDAD<\/b><span style=\"font-weight: 400;\">: Una acci\u00f3n o circunstancia que reduce la probabilidad de presentaci\u00f3n del casi evento<\/span> <span style=\"font-weight: 400;\">o del evento adverso.<\/span><\/p>\n<p>[\/vc_column_text][vc_column_text css=\u00bb.vc_custom_1489701303597{margin-bottom: 10px !important;}\u00bb]<\/p>\n<p style=\"text-align: justify;\"><b>FACTOR CONTRIBUTIVO<\/b><span style=\"font-weight: 400;\">: Condici\u00f3n que facilita o predispone a una acci\u00f3n insegura, como ejemplos: paciente con dificultades para entender instrucciones, ausencia de protocolos, falta de conocimiento o experiencia, comunicaci\u00f3n deficiente entre el equipo de salud, personal insuficiente para cumplir con un proceso de atenci\u00f3n, entre otros.<\/span><\/p>\n<p>[\/vc_column_text][vc_column_text css=\u00bb.vc_custom_1489701308205{margin-bottom: 10px !important;}\u00bb]<\/p>\n<p style=\"text-align: justify;\"><b>ACCI\u00d3N INSEGURA<\/b><span style=\"font-weight: 400;\">: Conducta que ocurre durante el proceso de atenci\u00f3n en salud, usualmente por acci\u00f3n u omisi\u00f3n de miembros del equipo de salud. \u00a0Sus caracter\u00edsticas esenciales son: la atenci\u00f3n se aparta de los l\u00edmites de una pr\u00e1ctica segura y la desviaci\u00f3n tiene al menos, el potencial directo o indirecto de causar un evento adverso para el paciente.<\/span><\/p>\n<p>[\/vc_column_text][\/vc_column][\/vc_row][vc_row][vc_column][vc_column_text css=\u00bb.vc_custom_1489702161307{margin-bottom: 20px !important;}\u00bb]<\/p>\n<h3 style=\"text-align: center;\">OBJETIVO DEL M\u00d3DULO EVENTOS ADVERSOS DE EUROQUALITY<\/h3>\n<p>[\/vc_column_text][vc_column_text css=\u00bb.vc_custom_1489701539544{margin-bottom: 10px !important;}\u00bb]<\/p>\n<p style=\"text-align: justify;\">Tener una herramienta tecnol\u00f3gica que apoye la gesti\u00f3n de los eventos adversos y permita la trazabilidad de cada una de las fases del procedimiento en las <strong>INSTITUCION HOSPITALARIA<\/strong>.<\/p>\n<p>[\/vc_column_text][\/vc_column][\/vc_row][vc_row][vc_column width=\u00bb1\/2&#8243;][vc_column_text css=\u00bb.vc_custom_1489701674955{margin-bottom: 20px !important;}\u00bb]<\/p>\n<h3 style=\"text-align: center;\">CARACTER\u00cdSTICAS IDEALES DE UN SISTEMA CONTROL EVENTOS ADVERSOS<\/h3>\n<p>[\/vc_column_text][vc_column_text]<\/p>\n<ul class=\"check\">\n<li><span style=\"font-weight: 400;\">No punitivo: Las personas reportan sin miedo a retaliaciones o al castigo.<\/span><\/li>\n<li style=\"font-weight: 400;\"><span style=\"font-weight: 400;\">Confidencial: Nunca se revelan banalmente las identidades del paciente, ni de quien reporta.<\/span><\/li>\n<li style=\"font-weight: 400;\"><span style=\"font-weight: 400;\">Independiente: El procedimiento es independiente de la persona con autoridad para castigar.<\/span><\/li>\n<li style=\"font-weight: 400;\"><span style=\"font-weight: 400;\">An\u00e1lisis por un experto: Los eventos son analizados por expertos quienes entienden las circunstancias cl\u00ednicas y est\u00e1n entrenados para identificar causas.<\/span><\/li>\n<li style=\"font-weight: 400;\"><span style=\"font-weight: 400;\">Oportunidad: Los reportes se analizan prontamente y las recomendaciones se despliegan r\u00e1pidamente a quienes necesitan conocerlas.<\/span><\/li>\n<li style=\"font-weight: 400;\"><span style=\"font-weight: 400;\">Orientado a los sistemas: Las recomendaciones se enfocan en cambios a los sistemas, procesos o productos m\u00e1s que al desempe\u00f1o individual.<\/span><\/li>\n<li style=\"font-weight: 400;\"><span style=\"font-weight: 400;\">Respuesta efectiva: Quien recibe el reporte es capaz de desplegar las recomendaciones y comprometer a los involucrados a implementarlas lo m\u00e1s pronto posible.<\/span><\/li>\n<\/ul>\n<p>[\/vc_column_text][\/vc_column][vc_column width=\u00bb1\/2&#8243;][vc_column_text css=\u00bb.vc_custom_1489702154953{margin-bottom: 20px !important;}\u00bb]<\/p>\n<h3 style=\"text-align: center;\">ALCANCE DEL M\u00d3DULO DE EVENTOS ADVERSOS DE EUROQUALITY<\/h3>\n<p>[\/vc_column_text][vc_column_text css=\u00bb.vc_custom_1489702051180{margin-bottom: 10px !important;}\u00bb]<\/p>\n<p style=\"text-align: justify;\">Este proceso se modela en la <strong>INSTITUCION HOSPITALARIA<\/strong> con en el sistema de gesti\u00f3n\u00a0<a href=\"http:\/\/mypartnersap.com\/mp\/es\/eurodoc-2\/\"><span class=\"logo-icon\"><strong>EURODOC<\/strong><\/span><\/a>. Este inicia con el ingreso al ERP del reporte de un caso por parte de un funcionario de la <strong>INSTITUCION HOSPITALARIA<\/strong> de un representante de una EAPB, continuando su tr\u00e1mite ante los diferentes responsables encargados de clasificar, analizar, rechazar, aprobar, cerrar y, de ser aceptado como evento adverso, generar plan de acci\u00f3n con compromisos, notificaciones, seguimiento y del plan de acci\u00f3n.<\/p>\n<p>[\/vc_column_text][vc_column_text]<\/p>\n<ul class=\"check\">\n<li><span style=\"font-weight: 400;\">Reportar caso (ERP).<\/span><\/li>\n<li><span style=\"font-weight: 400;\">Direccionamiento v\u00eda WF.<\/span><\/li>\n<li><span style=\"font-weight: 400;\">An\u00e1lisis caso y recopilaci\u00f3n datos.<\/span><\/li>\n<li><span style=\"font-weight: 400;\">Re Clasificaci\u00f3n.<\/span><\/li>\n<li><span style=\"font-weight: 400;\">An\u00e1lisis avanzado.<\/span><\/li>\n<li><span style=\"font-weight: 400;\">Entrega resultado e Informe final.<\/span><\/li>\n<li><span style=\"font-weight: 400;\">Definici\u00f3n plan mejora y Compromisos.<\/span><\/li>\n<li><span style=\"font-weight: 400;\">Seguimiento y verificaci\u00f3n cumplimiento.<\/span><\/li>\n<li><span style=\"font-weight: 400;\">Cierre caso. <\/span><\/li>\n<li><span style=\"font-weight: 400;\">Consultas con varios criterios. <\/span><\/li>\n<li><span style=\"font-weight: 400;\">Reportes y notificaciones.<\/span><\/li>\n<\/ul>\n<p>[\/vc_column_text][\/vc_column][\/vc_row][vc_row][vc_column width=\u00bb1\/2&#8243;][vc_column_text css=\u00bb.vc_custom_1489702146954{margin-bottom: 20px !important;}\u00bb]<\/p>\n<h3 style=\"text-align: center;\">VENTAJAS DEL M\u00d3DULO DE EVENTOS ADVERSOS DE EUROQUALITY<\/h3>\n<p>[\/vc_column_text][vc_column_text]<\/p>\n<ul class=\"check\">\n<li><span style=\"font-weight: 400;\">Aprovechar informaci\u00f3n general del paciente ya ingresado previamente en ERP (llenado autom\u00e1tico).<\/span><\/li>\n<li style=\"font-weight: 400;\"><span style=\"font-weight: 400;\">Tr\u00e1mites y reportes m\u00e1s \u00e1gil, confiables, oportunos.<\/span><\/li>\n<li style=\"font-weight: 400;\"><span style=\"font-weight: 400;\">Trazabilidad permanente de los casos.<\/span><\/li>\n<li style=\"font-weight: 400;\"><span style=\"font-weight: 400;\">Eficiencia en el uso de tiempos desde el reporte hasta el cierre de los casos.<\/span><\/li>\n<li style=\"font-weight: 400;\"><span style=\"font-weight: 400;\">Oportunidad en la identificaci\u00f3n de reportes, an\u00e1lisis y tiempos de cada etapa del caso.<\/span><\/li>\n<li style=\"font-weight: 400;\"><span style=\"font-weight: 400;\">Posibilidad de monitorizaci\u00f3n de estados de casos.<\/span><\/li>\n<li style=\"font-weight: 400;\"><span style=\"font-weight: 400;\">Facilidad para el direccionamiento de casos a responsables de an\u00e1lisis.<\/span><\/li>\n<li style=\"font-weight: 400;\"><span style=\"font-weight: 400;\">Generaci\u00f3n de alertas frente a tiempos de etapas especificas.<\/span><\/li>\n<li style=\"font-weight: 400;\"><span style=\"font-weight: 400;\">Visualizaci\u00f3n y control general de sistema por parte de l\u00edder de seguridad del paciente.<\/span><\/li>\n<li style=\"font-weight: 400;\"><span style=\"font-weight: 400;\">Consultar documentos simult\u00e1neamente.<\/span><\/li>\n<li style=\"font-weight: 400;\"><span style=\"font-weight: 400;\">Seguridad con pol\u00edticas definidas en la plataforma de ERP(Quien ingresa y que puede ver).<\/span><\/li>\n<li style=\"font-weight: 400;\"><span style=\"font-weight: 400;\">Almacenar im\u00e1genes en formato TIF, PDF, Word, Excel (Seguridad, costo bajo de almacenamiento).<\/span><\/li>\n<li style=\"font-weight: 400;\"><span style=\"font-weight: 400;\">Almacenar documentos en repositorios centralizados, evitando la creaci\u00f3n de archivos sat\u00e9lites o personales.<\/span><\/li>\n<\/ul>\n<p>[\/vc_column_text][\/vc_column][vc_column width=\u00bb1\/2&#8243;][vc_column_text css=\u00bb.vc_custom_1489702138608{margin-bottom: 20px !important;}\u00bb]<\/p>\n<h3 style=\"text-align: center;\">MARCO LEGAL PARA LA IMPLEMENTACI\u00d3N DEL M\u00d3DULO DE EVENTOS ADVERSOS DE EUROQUALITY<\/h3>\n<p>[\/vc_column_text][vc_column_text]<\/p>\n<ul class=\"check\">\n<li style=\"font-weight: 400; text-align: justify;\"><span style=\"font-weight: 400;\">Alianza Mundial para la Seguridad del Paciente, Organizaci\u00f3n Mundial de la Salud OMS, 2004.<\/span><\/li>\n<li style=\"font-weight: 400; text-align: justify;\"><span style=\"font-weight: 400;\">Decreto 1011 de abril 3 de 2006, del Ministerio de Protecci\u00f3n Social, \u201cpor el cual se establece el Sistema Obligatorio de Garant\u00eda de Calidad de la Atenci\u00f3n de Salud del Sistema General de Seguridad Social en Salud.\u201d<\/span><\/li>\n<li style=\"font-weight: 400; text-align: justify;\"><span style=\"font-weight: 400;\">Resoluci\u00f3n 1043 de abril 3 de 2006, de Min protecci\u00f3n, por la cual se \u00a0establecen las condiciones que deben cumplir los Prestadores de Servicios de Salud para habilitar sus servicios e implementar el componente de \u00a0auditoria para el mejoramiento de la calidad de la atenci\u00f3n y se dictan otras disposiciones. \u00a0Anexos T\u00e9cnicos 1 y 2 de la Resoluci\u00f3n 1043 de 2006.<\/span><\/li>\n<li style=\"font-weight: 400; text-align: justify;\"><span style=\"font-weight: 400;\">Resoluci\u00f3n 1446 de mayo 8 de 2006 del Ministerio de la Protecci\u00f3n Social, y su Anexo T\u00e9cnico, \u201cpor la cual\u00a0 se define el Sistema de Informaci\u00f3n para la Calidad y se adoptan los indicadores de monitoria del Sistema Obligatorio de Garant\u00eda de Calidad de la Atenci\u00f3n en Salud\u201d.<\/span><\/li>\n<li style=\"font-weight: 400; text-align: justify;\"><span style=\"font-weight: 400;\">Resoluci\u00f3n 1445 de mayo 8 de 2006, \u201cpor la cual se definen las funciones de la Entidad Acreditadora y se adoptan otras disposiciones.\u201d Y su Anexo T\u00e9cnico Nro. 1 \u201cManuales de Est\u00e1ndares del Sistema \u00danico de Acreditaci\u00f3n\u201d.<\/span><\/li>\n<li style=\"font-weight: 400; text-align: justify;\"><span style=\"font-weight: 400;\">Decreto 2200 de junio 28 de 2005 del Ministerio de la Protecci\u00f3n Social, \u201cPor el cual se reglamenta el servicio farmac\u00e9utico y se dictan otras disposiciones\u201d.<\/span><\/li>\n<li style=\"font-weight: 400; text-align: justify;\"><span style=\"font-weight: 400;\">Decreto 4725 del 26 de diciembre de 2005, del Ministerio de la Protecci\u00f3n Social, \u201cPor el cual se reglamenta el r\u00e9gimen de registros sanitarios, permiso de comercializaci\u00f3n y vigilancia sanitaria de los dispositivos m\u00e9dicos para uso humano\u201d.<\/span><\/li>\n<li style=\"font-weight: 400; text-align: justify;\"><span style=\"font-weight: 400;\">Circular Externa 0030 de mayo 19 de 2006, de la Superintendencia Nacional de Salud, Instrucciones en materia de indicadores de calidad para evaluar la oportunidad, accesibilidad, continuidad, pertinencia y seguridad en la prestaci\u00f3n de los servicios de salud de las instituciones prestadoras de servicios de salud.<\/span><\/li>\n<li style=\"font-weight: 400; text-align: justify;\"><span style=\"font-weight: 400;\">Resoluci\u00f3n 4816 de noviembre 27 de 2008, del Ministerio de la Protecci\u00f3n Social, por la cual se reglamenta el Programa Nacional de Tecnovigilancia.<\/span><\/li>\n<li style=\"font-weight: 400; text-align: justify;\"><span style=\"font-weight: 400;\">Lineamientos para la implementaci\u00f3n de la Pol\u00edtica de Seguridad del Paciente en la Rep\u00fablica de Colombia, Ministerio de la Protecci\u00f3n Social, Direcci\u00f3n General de Calidad de Servicios. junio 11 de 2008.<\/span><\/li>\n<li style=\"font-weight: 400; text-align: justify;\"><span style=\"font-weight: 400;\">Resoluci\u00f3n de Gerencia 393 de octubre 20 de 2008 del Hospital General de Medell\u00edn, por medio de la cual se crea el Comit\u00e9 de Seguridad del Paciente.<\/span><\/li>\n<li style=\"font-weight: 400; text-align: justify;\"><span style=\"font-weight: 400;\">Resoluci\u00f3n 123 de enero 26 de 2012, del Ministerio de Salud y Protecci\u00f3n Social, por la cual se modifica el art\u00edculo 2 de la Resoluci\u00f3n 1445 de 2006.<\/span><\/li>\n<li style=\"font-weight: 400; text-align: justify;\"><span style=\"font-weight: 400;\">Manual de Acreditaci\u00f3n en Salud, Ambulatorio y Hospitalario. Colombia. Versi\u00f3n 03, Bogot\u00e1, Colombia Ministerio de la Protecci\u00f3n Social. Octubre de 2011.<\/span><\/li>\n<li style=\"font-weight: 400; text-align: justify;\"><span style=\"font-weight: 400;\">Resoluci\u00f3n 2003 de mayo 28 de 2014, del Ministerio de Salud y Protecci\u00f3n Social, por la cual se definen los procedimientos y condiciones de inscripci\u00f3n de los Prestadores de Servicios de Salud y de habilitaci\u00f3n de servicios de salud.<\/span><\/li>\n<li style=\"font-weight: 400; text-align: justify;\">Cliente de Referencia: Hospital General de Medell\u00edn,\u00a0sistema de gesti\u00f3n documental\u00a0<a href=\"http:\/\/mypartnersap.com\/mp\/es\/eurodoc-2\/\"><span class=\"logo-icon\"><strong>EURODOC<\/strong><\/span><\/a> <strong>VS EUROQUALITY.<\/strong><\/li>\n<\/ul>\n<p>[\/vc_column_text][\/vc_column][\/vc_row]<\/p>\n","protected":false},"excerpt":{"rendered":"<p>[vc_row][vc_column][vc_single_image image=\u00bb492&#8243; img_size=\u00bbfull\u00bb alignment=\u00bbcenter\u00bb][\/vc_column][\/vc_row][vc_row][vc_column][vc_column_text] M\u00f3dulo de EVENTOS ADVERSOS de EUROQUALITY, para el \u00e1rea de la Salud. [\/vc_column_text][\/vc_column][\/vc_row][vc_row][vc_column][vc_column_text css=\u00bb.vc_custom_1489701406396{margin-bottom: 20px !important;}\u00bb] M\u00d3DULO DE EVENTOS ADVERSOS NORMALIZADO EN ENTES HOSPITALARIOS CON LA VERTICAL DE SALUD [\/vc_column_text][\/vc_column][\/vc_row][vc_row][vc_column width=\u00bb1\/2&#8243;][vc_column_text css=\u00bb.vc_custom_1489701271961{margin-bottom: 10px !important;}\u00bb] EVENTO ADVERSO: \u00a0\u00a0Lesiones involuntarias, no intencionadas, que ocurren durante la atenci\u00f3n en salud, las cuales son m\u00e1s [&hellip;]<\/p>\n","protected":false},"author":2,"featured_media":0,"parent":0,"menu_order":0,"comment_status":"closed","ping_status":"closed","template":"page-title.php","meta":[],"_links":{"self":[{"href":"https:\/\/mypartner.com.co\/mp\/wp-json\/wp\/v2\/pages\/486"}],"collection":[{"href":"https:\/\/mypartner.com.co\/mp\/wp-json\/wp\/v2\/pages"}],"about":[{"href":"https:\/\/mypartner.com.co\/mp\/wp-json\/wp\/v2\/types\/page"}],"author":[{"embeddable":true,"href":"https:\/\/mypartner.com.co\/mp\/wp-json\/wp\/v2\/users\/2"}],"replies":[{"embeddable":true,"href":"https:\/\/mypartner.com.co\/mp\/wp-json\/wp\/v2\/comments?post=486"}],"version-history":[{"count":1,"href":"https:\/\/mypartner.com.co\/mp\/wp-json\/wp\/v2\/pages\/486\/revisions"}],"predecessor-version":[{"id":883,"href":"https:\/\/mypartner.com.co\/mp\/wp-json\/wp\/v2\/pages\/486\/revisions\/883"}],"wp:attachment":[{"href":"https:\/\/mypartner.com.co\/mp\/wp-json\/wp\/v2\/media?parent=486"}],"curies":[{"name":"wp","href":"https:\/\/api.w.org\/{rel}","templated":true}]}}