{"id":47,"date":"2017-02-03T01:20:24","date_gmt":"2017-02-03T01:20:24","guid":{"rendered":"http:\/\/mypartnersap.com\/mp\/?page_id=47"},"modified":"2023-06-05T15:26:12","modified_gmt":"2023-06-05T15:26:12","slug":"euro-advance-2","status":"publish","type":"page","link":"https:\/\/mypartner.com.co\/mp\/es\/euro-advance-2\/","title":{"rendered":"Euro advance"},"content":{"rendered":"<p>[vc_row][vc_column][vc_single_image image=\u00bb181&#8243; img_size=\u00bbfull\u00bb alignment=\u00bbcenter\u00bb][\/vc_column][\/vc_row][vc_row][vc_column][vc_column_text]<\/p>\n<p style=\"text-align: justify;\">El m\u00f3dulo de anticipo a proveedores, <strong>EuroAdvance \u00ae<\/strong>, integrado con el modulo de facturaci\u00f3n del sistema de gesti\u00f3n documental\u00a0<a href=\"http:\/\/mypartnersap.com\/mp\/es\/eurodoc-2\/\"><span class=\"logo-icon\"><strong>EURODOC<\/strong><\/span><\/a> garantizan que los analistas de cuenta realicen adecuadamente los procesos en los que intervienen evitando incurrir en inconvenientes como:<\/p>\n<ul class=\"check\">\n<li style=\"text-align: justify;\">No efectuar la amortizaci\u00f3n y compensaci\u00f3n de un anticipo.<\/li>\n<li style=\"text-align: justify;\">Pago de facturas al 100 % sin descontar el anticipo.<\/li>\n<li style=\"text-align: justify;\">Doble contabilizaci\u00f3n de anticipos.<\/li>\n<li style=\"text-align: justify;\">B\u00fasqueda manual de datos de solicitudes anticipos.<\/li>\n<li style=\"text-align: justify;\">Desinformaci\u00f3n en el proceso.<\/li>\n<\/ul>\n<p>[\/vc_column_text][\/vc_column][\/vc_row][vc_row][vc_column][vc_column_text]<\/p>\n<h3>Su funcionamiento log\u00edstico consta de dos pasos<\/h3>\n<p>[\/vc_column_text][vc_row_inner][vc_column_inner width=\u00bb1\/2&#8243;][vc_column_text]<\/p>\n<h3 style=\"text-align: justify;\">1. Solicitud de anticipo:<\/h3>\n<p style=\"text-align: justify;\">En este paso el usuario solicitante diligenciar\u00e1 el radicado con los datos de la solicitud; una vez indexada la imagen, la solicitud pasar\u00e1 al usuario aprobador quien previamente es notificado en su bandeja Work Place y en su e-mail interno, luego de ser aprobada continuara su flujo hacia el \u00e1rea de pagos.<\/p>\n<p style=\"text-align: justify;\">Todo esto de una forma r\u00e1pida y segura utilizando la funcionalidad del WorkFlow , sin correr el riesgo de extraviar el documento f\u00edsico y evitando al m\u00e1ximo el no pago u otros inconvenientes que pudiesen ocurrir.<\/p>\n<p>[\/vc_column_text][\/vc_column_inner][vc_column_inner width=\u00bb1\/2&#8243;][vc_column_text]<\/p>\n<h3 style=\"text-align: justify;\">2. Radicaci\u00f3n de documentos<\/h3>\n<p style=\"text-align: justify;\">Desde esta opci\u00f3n el usuario con rol de comprador o almacenista podr\u00e1 indicar, de ser requerido el valor a amortizar en el momento de hacer la recepci\u00f3n, HES o MIGO; luego de esto en el proceso de verificaci\u00f3n de factura el analista de cuenta amortizara dicho valor.<\/p>\n<ul class=\"check\">\n<li style=\"text-align: justify;\">Estos procesos se realizar\u00e1n de una forma amena para el usuario ya que se utiliza la plataforma del sistema de gesti\u00f3n documental\u00a0<a href=\"http:\/\/mypartnersap.com\/mp\/es\/eurodoc-2\/\"><span class=\"logo-icon\"><strong>EURODOC<\/strong><\/span><\/a>, y dicho usuario solo tendr\u00e1 que dar clic en los iconos espec\u00edficos para cada proceso, evitando as\u00ed tener que memorizar transacciones o configurarlas en sus favoritos.<\/li>\n<li style=\"text-align: justify;\"><strong>EuroAdvance<\/strong> integra procesos de los m\u00f3dulos de MM y FI, entre ellos; solicitud de anticipo, aprobador, Pedido, amortizaci\u00f3n y verificaci\u00f3n de facturas.<\/li>\n<li style=\"text-align: justify;\"><strong>EuroAdvance<\/strong> conserva un historial de trazabilidad con fechas, horas, acci\u00f3n realizada, responsable de la tarea y documento electr\u00f3nico generado, permitiendo un control efectivo del pago y facilitando la contabilizaci\u00f3n de los anticipos relacionados para cada pedido; todo esto desde la plataforma SAP.<\/li>\n<li style=\"text-align: justify;\">Adem\u00e1s posee m\u00faltiples opciones de consultas o reportes de temas concernientes al manejo y \/ o tramite de los anticipos a proveedores, utilizando una amplia gama de par\u00e1metros de entrada.<\/li>\n<\/ul>\n<p>[\/vc_column_text][\/vc_column_inner][\/vc_row_inner][\/vc_column][\/vc_row]<\/p>\n","protected":false},"excerpt":{"rendered":"<p>[vc_row][vc_column][vc_single_image image=\u00bb181&#8243; img_size=\u00bbfull\u00bb alignment=\u00bbcenter\u00bb][\/vc_column][\/vc_row][vc_row][vc_column][vc_column_text] El m\u00f3dulo de anticipo a proveedores, EuroAdvance \u00ae, integrado con el modulo de facturaci\u00f3n del sistema de gesti\u00f3n documental\u00a0EURODOC garantizan que los analistas de cuenta realicen adecuadamente los procesos en los que intervienen evitando incurrir en inconvenientes como: No efectuar la amortizaci\u00f3n y compensaci\u00f3n de un anticipo. Pago de facturas al [&hellip;]<\/p>\n","protected":false},"author":2,"featured_media":0,"parent":0,"menu_order":0,"comment_status":"closed","ping_status":"closed","template":"page-title.php","meta":[],"_links":{"self":[{"href":"https:\/\/mypartner.com.co\/mp\/wp-json\/wp\/v2\/pages\/47"}],"collection":[{"href":"https:\/\/mypartner.com.co\/mp\/wp-json\/wp\/v2\/pages"}],"about":[{"href":"https:\/\/mypartner.com.co\/mp\/wp-json\/wp\/v2\/types\/page"}],"author":[{"embeddable":true,"href":"https:\/\/mypartner.com.co\/mp\/wp-json\/wp\/v2\/users\/2"}],"replies":[{"embeddable":true,"href":"https:\/\/mypartner.com.co\/mp\/wp-json\/wp\/v2\/comments?post=47"}],"version-history":[{"count":1,"href":"https:\/\/mypartner.com.co\/mp\/wp-json\/wp\/v2\/pages\/47\/revisions"}],"predecessor-version":[{"id":887,"href":"https:\/\/mypartner.com.co\/mp\/wp-json\/wp\/v2\/pages\/47\/revisions\/887"}],"wp:attachment":[{"href":"https:\/\/mypartner.com.co\/mp\/wp-json\/wp\/v2\/media?parent=47"}],"curies":[{"name":"wp","href":"https:\/\/api.w.org\/{rel}","templated":true}]}}