{"id":45,"date":"2017-02-03T01:19:55","date_gmt":"2017-02-03T01:19:55","guid":{"rendered":"http:\/\/mypartnersap.com\/mp\/?page_id=45"},"modified":"2023-06-13T17:33:56","modified_gmt":"2023-06-13T17:33:56","slug":"eurodoc-2","status":"publish","type":"page","link":"https:\/\/mypartner.com.co\/mp\/es\/eurodoc-2\/","title":{"rendered":"Eurodoc"},"content":{"rendered":"<p>[vc_row][vc_column][vc_single_image image=\u00bb182&#8243; img_size=\u00bbfull\u00bb alignment=\u00bbcenter\u00bb][\/vc_column][\/vc_row][vc_row][vc_column][vc_column_text]<\/p>\n<p style=\"text-align: justify;\">El sistema de gesti\u00f3n documental EURODOC es un programa de tecnolog\u00eda avanzada que integra la gesti\u00f3n de documentos directamente a un ERP. Cuenta con dispositivos de control que permiten asegurar la integridad de los datos en todo momento en que las diversas fuentes procesen el documento.<\/p>\n<p style=\"text-align: justify;\">Est\u00e1 dotado de funciones adicionales para la gesti\u00f3n de la informaci\u00f3n, estas garantizan la seguridad y el control de los procesos log\u00edsticos, al contar con los flujos de trabajo est\u00e1ndar incluidos en el ERP y el modelamiento de workflows que se realizan de acuerdo a las necesidades del cliente, EuroDoc proporciona eficientes herramientas para la administraci\u00f3n de la documentaci\u00f3n empresarial, facilitando la consulta y gesti\u00f3n de la informaci\u00f3n. De este modo se ofrecen importantes herramientas que ayudan en la toma de decisiones a nivel gerencial.<\/p>\n<p>[\/vc_column_text][\/vc_column][\/vc_row][vc_row][vc_column width=\u00bb1\/2&#8243;][vc_column_text]<\/p>\n<p style=\"text-align: justify;\">El sistema de gesti\u00f3n documental EURODOC Integra adem\u00e1s procesos de abastecimiento (desde la solicitud, el pedido, la recepci\u00f3n o HES, registro preliminar, contabilizaci\u00f3n), procesos de anticipos a proveedores, proceso de gastos de viajes, etc.<\/p>\n<p>[\/vc_column_text][\/vc_column][vc_column width=\u00bb1\/2&#8243;][vc_column_text]<\/p>\n<p style=\"text-align: justify;\">La seguridad, las funciones, la facilidad de uso y la administraci\u00f3n de su configuraci\u00f3n son alternativas constantes de integraci\u00f3n de modelos log\u00edsticos, de rutas de documentos que le permiten la integraci\u00f3n y la evoluci\u00f3n seg\u00fan los requisitos de la empresa.<\/p>\n<p>[\/vc_column_text][\/vc_column][\/vc_row]<\/p>\n","protected":false},"excerpt":{"rendered":"<p>[vc_row][vc_column][vc_single_image image=\u00bb182&#8243; img_size=\u00bbfull\u00bb alignment=\u00bbcenter\u00bb][\/vc_column][\/vc_row][vc_row][vc_column][vc_column_text] El sistema de gesti\u00f3n documental EURODOC es un programa de tecnolog\u00eda avanzada que integra la gesti\u00f3n de documentos directamente a un ERP. Cuenta con dispositivos de control que permiten asegurar la integridad de los datos en todo momento en que las diversas fuentes procesen el documento. Est\u00e1 dotado de funciones adicionales [&hellip;]<\/p>\n","protected":false},"author":2,"featured_media":0,"parent":0,"menu_order":0,"comment_status":"closed","ping_status":"closed","template":"page-title.php","meta":[],"_links":{"self":[{"href":"https:\/\/mypartner.com.co\/mp\/wp-json\/wp\/v2\/pages\/45"}],"collection":[{"href":"https:\/\/mypartner.com.co\/mp\/wp-json\/wp\/v2\/pages"}],"about":[{"href":"https:\/\/mypartner.com.co\/mp\/wp-json\/wp\/v2\/types\/page"}],"author":[{"embeddable":true,"href":"https:\/\/mypartner.com.co\/mp\/wp-json\/wp\/v2\/users\/2"}],"replies":[{"embeddable":true,"href":"https:\/\/mypartner.com.co\/mp\/wp-json\/wp\/v2\/comments?post=45"}],"version-history":[{"count":4,"href":"https:\/\/mypartner.com.co\/mp\/wp-json\/wp\/v2\/pages\/45\/revisions"}],"predecessor-version":[{"id":881,"href":"https:\/\/mypartner.com.co\/mp\/wp-json\/wp\/v2\/pages\/45\/revisions\/881"}],"wp:attachment":[{"href":"https:\/\/mypartner.com.co\/mp\/wp-json\/wp\/v2\/media?parent=45"}],"curies":[{"name":"wp","href":"https:\/\/api.w.org\/{rel}","templated":true}]}}